{"id":3972,"date":"2021-05-06T18:37:18","date_gmt":"2021-05-06T17:37:18","guid":{"rendered":"https:\/\/www.rentaboat-silo.com\/uvjeti-najma\/"},"modified":"2021-05-06T20:14:33","modified_gmt":"2021-05-06T19:14:33","slug":"uvjeti-najma","status":"publish","type":"page","link":"https:\/\/www.rentaboat-silo.com\/hr\/uvjeti-najma\/","title":{"rendered":"Uvjeti najma"},"content":{"rendered":"<p><div class=\"fusion-fullwidth fullwidth-box fusion-builder-row-1 fusion-flex-container nonhundred-percent-fullwidth non-hundred-percent-height-scrolling\" style=\"background-color: rgba(255,255,255,0);background-position: center center;background-repeat: no-repeat;border-width: 0px 0px 0px 0px;border-color:#e2e2e2;border-style:solid;\" ><div class=\"fusion-builder-row fusion-row fusion-flex-align-items-flex-start\" style=\"max-width:1248px;margin-left: calc(-4% \/ 2 );margin-right: calc(-4% \/ 2 );\"><div class=\"fusion-layout-column fusion_builder_column fusion-builder-column-0 fusion_builder_column_1_1 1_1 fusion-flex-column\"><div class=\"fusion-column-wrapper fusion-flex-justify-content-flex-start fusion-content-layout-column\" style=\"background-position:left top;background-repeat:no-repeat;-webkit-background-size:cover;-moz-background-size:cover;-o-background-size:cover;background-size:cover;padding: 0px 0px 0px 0px;\"><style type=\"text\/css\">@media only screen and (max-width:1024px) {.fusion-title.fusion-title-1{margin-top:0px!important; margin-right:!important;margin-bottom:30px!important;margin-left:!important;}}@media only screen and (max-width:640px) {.fusion-title.fusion-title-1{margin-top:10px!important; margin-right:!important;margin-bottom:10px!important; margin-left:!important;}}<\/style><div class=\"fusion-title title fusion-title-1 fusion-sep-none fusion-title-center fusion-title-text fusion-title-size-one\" style=\"font-size:65px;margin-top:0px;margin-bottom:30px;\"><h1 class=\"title-heading-center\" style=\"margin:0;font-size:1em;line-height:3rem;color:#cec18a;\">Uvjeti najma<\/h1><\/div><div class=\"fusion-text fusion-text-1\"><p>Agencija za iznajmljivanje, iznajmljuje najmoprimcu plovilo, po sljede\u0107im uvjetima:<\/p>\n<ol>\n<li>Dasvojeru\u010dno potpi\u0161e ugovor o najmu i time su usuglasi s odredbama ugovora.<\/li>\n<li>Plovila imaju osiguranje prema tre\u0107em licu. Ako \u0161tetu po\u010dinite svojom krivnjom, obvezni ste je platiti. Procjenu \u0161tete obavlja djelatnik agencije, s procjenom ste suglasni.<\/li>\n<li>Najmoprimac mora posjedovati dokument za upravljanje plovilom ili sam snosi svu odgovornost.<\/li>\n<li>Najmodavac \u0107e predavati samo kompletno opremljena plovila, napunjena gorivomi u besprijekornom stanju, a isto takvo stanje o\u010dekuje se i kod povrata plovila. Plovilo se predaje u dogovoreno vrijeme i na ugovorenom mjestu. Kod dnevnog najma plovila preuzimanje je u 9 sati,a primopredaja do 19 sati ili prema dogovoru.<\/li>\n<li>Najmoprimac prilikom iznajmljivanja plovila morapolo\u017eitidepozit koji mu se po isteku najma vra\u0107a, ako su plovilo i oprema u ispravnom stanju.<\/li>\n<li>Plovilom mo\u017ee upravljati isklju\u010divo najmoprmac, jer u suprotnom gubi pravo na depozit. Nije dopu\u0161ten podnajam ili prepu\u0161tanje plovila tre\u0107oj osobi.<\/li>\n<li>Ako najmoprimac iz bilo kojeg razloga prijevremeno prekine ugovor, novac od pla\u0107enog najma se ne vra\u0107a.<\/li>\n<li>Agencija odlu\u010dujekoliko osoba plovilo mo\u017ee prevoziti, taj broj ne smije biti prekora\u010den.<\/li>\n<li>Najmoprimac je u slu\u010daju havarije obvezan odmah pozvati najmodavca, u protivnom sam snosi odgovornost za mogu\u0107e posljedice.<\/li>\n<li>Za vrijemetrajanja najma zabranjeno je iznositi pripadaju\u0107u opremu.<\/li>\n<li>Pla\u0107anje \u0107e biti izvr\u0161eno po zavr\u0161etku najma.<\/li>\n<li>U slu\u010daju neslaganja u tuma\u010denju hrvatskog teksta s nekim od drugih stranih jezika, hrvatski tekst \u0107e imati prednost.<\/li>\n<li>Arbitra\u017ea \u2013za sve eventualne slu\u010dajeve koji se ne\u0107e rije\u0161iti mirnim putem, mjerodavan je Op\u0107inski sud u Krku<\/li>\n<\/ol>\n<\/div><\/div><style type=\"text\/css\">.fusion-body .fusion-builder-column-0{width:100% !important;margin-top : 20px;margin-bottom : 20px;}.fusion-builder-column-0 > .fusion-column-wrapper {padding-top : 0px !important;padding-right : 0px !important;margin-right : 1.92%;padding-bottom : 0px !important;padding-left : 0px !important;margin-left : 1.92%;}@media only screen and (max-width:1024px) {.fusion-body .fusion-builder-column-0{width:100% !important;order : 0;}.fusion-builder-column-0 > .fusion-column-wrapper {margin-right : 1.92%;margin-left : 1.92%;}}@media only screen and (max-width:640px) {.fusion-body .fusion-builder-column-0{width:100% !important;order : 0;}.fusion-builder-column-0 > .fusion-column-wrapper {margin-right : 1.92%;margin-left : 1.92%;}}<\/style><\/div><\/div><style type=\"text\/css\">.fusion-fullwidth.fusion-builder-row-1 a:not(.fusion-button):not(.fusion-builder-module-control):not(.fusion-social-network-icon):not(.fb-icon-element):not(.fusion-countdown-link):not(.fusion-rollover-link):not(.fusion-rollover-gallery):not(.fusion-button-bar):not(.add_to_cart_button):not(.show_details_button):not(.product_type_external):not(.fusion-view-cart):not(.fusion-quick-view):not(.fusion-rollover-title-link):not(.fusion-breadcrumb-link) , .fusion-fullwidth.fusion-builder-row-1 a:not(.fusion-button):not(.fusion-builder-module-control):not(.fusion-social-network-icon):not(.fb-icon-element):not(.fusion-countdown-link):not(.fusion-rollover-link):not(.fusion-rollover-gallery):not(.fusion-button-bar):not(.add_to_cart_button):not(.show_details_button):not(.product_type_external):not(.fusion-view-cart):not(.fusion-quick-view):not(.fusion-rollover-title-link):not(.fusion-breadcrumb-link):before, .fusion-fullwidth.fusion-builder-row-1 a:not(.fusion-button):not(.fusion-builder-module-control):not(.fusion-social-network-icon):not(.fb-icon-element):not(.fusion-countdown-link):not(.fusion-rollover-link):not(.fusion-rollover-gallery):not(.fusion-button-bar):not(.add_to_cart_button):not(.show_details_button):not(.product_type_external):not(.fusion-view-cart):not(.fusion-quick-view):not(.fusion-rollover-title-link):not(.fusion-breadcrumb-link):after {color: #cec18a;}.fusion-fullwidth.fusion-builder-row-1 a:not(.fusion-button):not(.fusion-builder-module-control):not(.fusion-social-network-icon):not(.fb-icon-element):not(.fusion-countdown-link):not(.fusion-rollover-link):not(.fusion-rollover-gallery):not(.fusion-button-bar):not(.add_to_cart_button):not(.show_details_button):not(.product_type_external):not(.fusion-view-cart):not(.fusion-quick-view):not(.fusion-rollover-title-link):not(.fusion-breadcrumb-link):hover, .fusion-fullwidth.fusion-builder-row-1 a:not(.fusion-button):not(.fusion-builder-module-control):not(.fusion-social-network-icon):not(.fb-icon-element):not(.fusion-countdown-link):not(.fusion-rollover-link):not(.fusion-rollover-gallery):not(.fusion-button-bar):not(.add_to_cart_button):not(.show_details_button):not(.product_type_external):not(.fusion-view-cart):not(.fusion-quick-view):not(.fusion-rollover-title-link):not(.fusion-breadcrumb-link):hover:before, .fusion-fullwidth.fusion-builder-row-1 a:not(.fusion-button):not(.fusion-builder-module-control):not(.fusion-social-network-icon):not(.fb-icon-element):not(.fusion-countdown-link):not(.fusion-rollover-link):not(.fusion-rollover-gallery):not(.fusion-button-bar):not(.add_to_cart_button):not(.show_details_button):not(.product_type_external):not(.fusion-view-cart):not(.fusion-quick-view):not(.fusion-rollover-title-link):not(.fusion-breadcrumb-link):hover:after {color: #000000;}.fusion-fullwidth.fusion-builder-row-1 .pagination a.inactive:hover, .fusion-fullwidth.fusion-builder-row-1 .fusion-filters .fusion-filter.fusion-active a {border-color: #000000;}.fusion-fullwidth.fusion-builder-row-1 .pagination .current {border-color: #000000; background-color: #000000;}.fusion-fullwidth.fusion-builder-row-1 .fusion-filters .fusion-filter.fusion-active a, .fusion-fullwidth.fusion-builder-row-1 .fusion-date-and-formats .fusion-format-box, .fusion-fullwidth.fusion-builder-row-1 .fusion-popover, .fusion-fullwidth.fusion-builder-row-1 .tooltip-shortcode {color: #000000;}#wrapper .fusion-fullwidth.fusion-builder-row-1 .fusion-widget-area .fusion-vertical-menu-widget .menu li.current_page_ancestor > a, #wrapper .fusion-fullwidth.fusion-builder-row-1 .fusion-widget-area .fusion-vertical-menu-widget .menu li.current_page_ancestor > a:before, #wrapper .fusion-fullwidth.fusion-builder-row-1 .fusion-widget-area .fusion-vertical-menu-widget .current-menu-item > a, #wrapper .fusion-fullwidth.fusion-builder-row-1 .fusion-widget-area .fusion-vertical-menu-widget .current-menu-item > a:before, #wrapper .fusion-fullwidth.fusion-builder-row-1 .fusion-widget-area .fusion-vertical-menu-widget .current_page_item > a, #wrapper .fusion-fullwidth.fusion-builder-row-1 .fusion-widget-area .fusion-vertical-menu-widget .current_page_item > a:before {color: #000000;}#wrapper .fusion-fullwidth.fusion-builder-row-1 .fusion-widget-area .widget_nav_menu .menu li.current_page_ancestor > a, #wrapper .fusion-fullwidth.fusion-builder-row-1 .fusion-widget-area .widget_nav_menu .menu li.current_page_ancestor > a:before, #wrapper .fusion-fullwidth.fusion-builder-row-1 .fusion-widget-area .widget_nav_menu .current-menu-item > a, #wrapper .fusion-fullwidth.fusion-builder-row-1 .fusion-widget-area .widget_nav_menu .current-menu-item > a:before, #wrapper .fusion-fullwidth.fusion-builder-row-1 .fusion-widget-area .widget_nav_menu .current_page_item > a, #wrapper .fusion-fullwidth.fusion-builder-row-1 .fusion-widget-area .widget_nav_menu .current_page_item > a:before {color: #000000;}#wrapper .fusion-fullwidth.fusion-builder-row-1 .fusion-vertical-menu-widget .menu li.current_page_item > a { border-right-color:#000000;border-left-color:#000000;}#wrapper .fusion-fullwidth.fusion-builder-row-1 .fusion-widget-area .tagcloud a:hover { color: #fff; background-color: #000000;border-color: #000000;}#main .fusion-fullwidth.fusion-builder-row-1 .post .blog-shortcode-post-title a:hover {color: #000000;}.fusion-body .fusion-flex-container.fusion-builder-row-1{ padding-top : 40px;margin-top : 0px;padding-right : 0px;padding-bottom : 0px;margin-bottom : 0px;padding-left : 0px;}<\/style><\/div><\/p>\n","protected":false},"excerpt":{"rendered":"","protected":false},"author":1,"featured_media":0,"parent":0,"menu_order":0,"comment_status":"closed","ping_status":"closed","template":"100-width.php","meta":{"footnotes":""},"class_list":["post-3972","page","type-page","status-publish","hentry"],"yoast_head":"<!-- This site is optimized with the Yoast SEO plugin v16.2 - https:\/\/yoast.com\/wordpress\/plugins\/seo\/ -->\n<title>Uvjeti najma - Rent a boat Silo, Krk Island<\/title>\n<meta name=\"robots\" content=\"index, follow, max-snippet:-1, max-image-preview:large, max-video-preview:-1\" \/>\n<link rel=\"canonical\" href=\"https:\/\/www.rentaboat-silo.com\/hr\/uvjeti-najma\/\" \/>\n<meta property=\"og:locale\" content=\"hr_HR\" \/>\n<meta property=\"og:type\" content=\"article\" \/>\n<meta property=\"og:title\" content=\"Uvjeti najma - Rent a boat Silo, Krk Island\" \/>\n<meta property=\"og:url\" content=\"https:\/\/www.rentaboat-silo.com\/hr\/uvjeti-najma\/\" \/>\n<meta property=\"og:site_name\" content=\"Rent a boat Silo, Krk Island\" \/>\n<meta property=\"article:modified_time\" content=\"2021-05-06T19:14:33+00:00\" \/>\n<meta name=\"twitter:card\" content=\"summary_large_image\" \/>\n<meta name=\"twitter:label1\" content=\"Procijenjeno vrijeme \u010ditanja\">\n\t<meta name=\"twitter:data1\" content=\"5 minuta\">\n<script type=\"application\/ld+json\" class=\"yoast-schema-graph\">{\"@context\":\"https:\/\/schema.org\",\"@graph\":[{\"@type\":\"Organization\",\"@id\":\"https:\/\/www.rentaboat-silo.com\/#organization\",\"name\":\"Rent a boat Ivan - Silo\",\"url\":\"https:\/\/www.rentaboat-silo.com\/\",\"sameAs\":[],\"logo\":{\"@type\":\"ImageObject\",\"@id\":\"https:\/\/www.rentaboat-silo.com\/#logo\",\"inLanguage\":\"hr\",\"url\":\"https:\/\/www.rentaboat-silo.com\/wp-content\/uploads\/2021\/04\/logo-mob-500.png\",\"contentUrl\":\"https:\/\/www.rentaboat-silo.com\/wp-content\/uploads\/2021\/04\/logo-mob-500.png\",\"width\":500,\"height\":226,\"caption\":\"Rent a boat Ivan - Silo\"},\"image\":{\"@id\":\"https:\/\/www.rentaboat-silo.com\/#logo\"}},{\"@type\":\"WebSite\",\"@id\":\"https:\/\/www.rentaboat-silo.com\/#website\",\"url\":\"https:\/\/www.rentaboat-silo.com\/\",\"name\":\"Rent a boat Silo, Krk Island\",\"description\":\"Rent a boat Silo - Ivan, Krk Island\",\"publisher\":{\"@id\":\"https:\/\/www.rentaboat-silo.com\/#organization\"},\"potentialAction\":[{\"@type\":\"SearchAction\",\"target\":\"https:\/\/www.rentaboat-silo.com\/?s={search_term_string}\",\"query-input\":\"required name=search_term_string\"}],\"inLanguage\":\"hr\"},{\"@type\":\"WebPage\",\"@id\":\"https:\/\/www.rentaboat-silo.com\/hr\/uvjeti-najma\/#webpage\",\"url\":\"https:\/\/www.rentaboat-silo.com\/hr\/uvjeti-najma\/\",\"name\":\"Uvjeti najma - Rent a boat Silo, Krk Island\",\"isPartOf\":{\"@id\":\"https:\/\/www.rentaboat-silo.com\/#website\"},\"datePublished\":\"2021-05-06T17:37:18+00:00\",\"dateModified\":\"2021-05-06T19:14:33+00:00\",\"breadcrumb\":{\"@id\":\"https:\/\/www.rentaboat-silo.com\/hr\/uvjeti-najma\/#breadcrumb\"},\"inLanguage\":\"hr\",\"potentialAction\":[{\"@type\":\"ReadAction\",\"target\":[\"https:\/\/www.rentaboat-silo.com\/hr\/uvjeti-najma\/\"]}]},{\"@type\":\"BreadcrumbList\",\"@id\":\"https:\/\/www.rentaboat-silo.com\/hr\/uvjeti-najma\/#breadcrumb\",\"itemListElement\":[{\"@type\":\"ListItem\",\"position\":1,\"item\":{\"@type\":\"WebPage\",\"@id\":\"https:\/\/www.rentaboat-silo.com\/hr\/\",\"url\":\"https:\/\/www.rentaboat-silo.com\/hr\/\",\"name\":\"Home\"}},{\"@type\":\"ListItem\",\"position\":2,\"item\":{\"@id\":\"https:\/\/www.rentaboat-silo.com\/hr\/uvjeti-najma\/#webpage\"}}]}]}<\/script>\n<!-- \/ Yoast SEO plugin. -->","_links":{"self":[{"href":"https:\/\/www.rentaboat-silo.com\/hr\/wp-json\/wp\/v2\/pages\/3972","targetHints":{"allow":["GET"]}}],"collection":[{"href":"https:\/\/www.rentaboat-silo.com\/hr\/wp-json\/wp\/v2\/pages"}],"about":[{"href":"https:\/\/www.rentaboat-silo.com\/hr\/wp-json\/wp\/v2\/types\/page"}],"author":[{"embeddable":true,"href":"https:\/\/www.rentaboat-silo.com\/hr\/wp-json\/wp\/v2\/users\/1"}],"replies":[{"embeddable":true,"href":"https:\/\/www.rentaboat-silo.com\/hr\/wp-json\/wp\/v2\/comments?post=3972"}],"version-history":[{"count":11,"href":"https:\/\/www.rentaboat-silo.com\/hr\/wp-json\/wp\/v2\/pages\/3972\/revisions"}],"predecessor-version":[{"id":4047,"href":"https:\/\/www.rentaboat-silo.com\/hr\/wp-json\/wp\/v2\/pages\/3972\/revisions\/4047"}],"wp:attachment":[{"href":"https:\/\/www.rentaboat-silo.com\/hr\/wp-json\/wp\/v2\/media?parent=3972"}],"curies":[{"name":"wp","href":"https:\/\/api.w.org\/{rel}","templated":true}]}}